{"id":1149,"date":"2018-10-08T10:43:45","date_gmt":"2018-10-08T10:43:45","guid":{"rendered":"http:\/\/www.mitologie.eu\/?page_id=1149"},"modified":"2025-01-19T16:50:47","modified_gmt":"2025-01-19T16:50:47","slug":"riviera-remont-koniec-lat-70","status":"publish","type":"page","link":"https:\/\/www.mitologie.eu\/?page_id=1149","title":{"rendered":"Riviera-Remont (1981)"},"content":{"rendered":"\n<p>koncert punkowy w Remoncie (sala Riviery), <s>1979<\/s> (nie: chyba jednak 1981\u2026 \u2013 mr m.); grupa <a href=\"https:\/\/www.last.fm\/tag\/norwegian+punk\/artists\"><strong>z Norwegii<\/strong><\/a> (i jednak nie <a href=\"https:\/\/no.wikipedia.org\/wiki\/The_Aller_V\u00e6rste!\"><strong>The Aller V\u00e6rste! <\/strong><\/a>\u2013 zob. uaktualnienie ni\u017cej)\u00a0 na autobusie wida\u0107 nazw\u0119 EP \u201e<a href=\"https:\/\/no.wikipedia.org\/wiki\/TAV!_(EP)\"><strong>TAV!<\/strong><\/a>\u201d)<\/p>\n\n\n\n<p>uaktualnienie (f-book, 2020):<\/p>\n\n\n\n<div class=\"nc684nl6\" style=\"padding-left: 40px;\"><span class=\"pq6dq46d\"><span class=\"d2edcug0 hpfvmrgz qv66sw1b c1et5uql oi732d6d ik7dh3pa fgxwclzu a8c37x1j keod5gw0 nxhoafnm aigsh9s9 d9wwppkn fe6kdd0r mau55g9w c8b282yb mdeji52x e9vueds3 j5wam9gi lrazzd5p oo9gr5id\" dir=\"auto\"><a class=\"oajrlxb2 g5ia77u1 qu0x051f esr5mh6w e9989ue4 r7d6kgcz rq0escxv nhd2j8a9 nc684nl6 p7hjln8o kvgmc6g5 cxmmr5t8 oygrvhab hcukyx3x jb3vyjys rz4wbd8a qt6c0cv9 a8nywdso i1ao9s8h esuyzwwr f1sip0of lzcic4wl gmql0nx0 gpro0wi8\" tabindex=\"0\" role=\"link\" href=\"https:\/\/www.facebook.com\/kjell.a.sandvik?comment_id=Y29tbWVudDoxMDE1ODgxNTQzNjQ3OTUzNF8xMDE1ODgxNTczMzYxNDUzNA%3D%3D&amp;__cft__[0]=AZUzWT6bJU8IHTGy93KvV7g0dyBapryE8FhtA9ljuL5fcu9APQ9908u4l3H3xBrCbMH9COzPxshr0k54QSp52Rz-0e5MifkQdfqFkzr_ZFU6RaTlcsX70mjdGzAAblI1BCHIAhB3DZViT11AMSNW0z6mM-58o8QE0WPn7jJwMth9iE6BZCuBfY-f5rsd0zrSBRY&amp;__tn__=R]-R\"><strong>Kjell Arne Sandvik<\/strong><\/a><\/span><\/span><\/div>\n\n\n\n<div class=\"ecm0bbzt e5nlhep0 a8c37x1j\" style=\"padding-left: 40px;\">\n<div class=\"kvgmc6g5 cxmmr5t8 oygrvhab hcukyx3x c1et5uql\" style=\"padding-left: 40px;\">\n<div dir=\"auto\" style=\"padding-left: 40px;\"><em>no this is def not The Aller V\u00e6rste as mentioned. I know they toured Poland togheter with DePress and Kj\u00f8tt.<\/em><\/div>\n<div dir=\"auto\">\n<div class=\"nc684nl6\"><strong><a class=\"oajrlxb2 g5ia77u1 qu0x051f esr5mh6w e9989ue4 r7d6kgcz rq0escxv nhd2j8a9 nc684nl6 p7hjln8o kvgmc6g5 cxmmr5t8 oygrvhab hcukyx3x jb3vyjys rz4wbd8a qt6c0cv9 a8nywdso i1ao9s8h esuyzwwr f1sip0of lzcic4wl gmql0nx0 gpro0wi8\" tabindex=\"0\" role=\"link\" href=\"https:\/\/www.facebook.com\/robert.vonrefuse?comment_id=Y29tbWVudDoxMDE1ODgxNTQzNjQ3OTUzNF8xMDE1ODgxNTgxNDU1NDUzNA%3D%3D&amp;__cft__[0]=AZUzWT6bJU8IHTGy93KvV7g0dyBapryE8FhtA9ljuL5fcu9APQ9908u4l3H3xBrCbMH9COzPxshr0k54QSp52Rz-0e5MifkQdfqFkzr_ZFU6RaTlcsX70mjdGzAAblI1BCHIAhB3DZViT11AMSNW0z6mM-58o8QE0WPn7jJwMth9iE6BZCuBfY-f5rsd0zrSBRY&amp;__tn__=R]-R\"><span class=\"pq6dq46d\"><span class=\"d2edcug0 hpfvmrgz qv66sw1b c1et5uql oi732d6d ik7dh3pa fgxwclzu a8c37x1j keod5gw0 nxhoafnm aigsh9s9 d9wwppkn fe6kdd0r mau55g9w c8b282yb mdeji52x e9vueds3 j5wam9gi lrazzd5p oo9gr5id\" dir=\"auto\">Robert von Refuse<\/span><\/span><\/a><\/strong><\/div>\n<div class=\"ecm0bbzt e5nlhep0 a8c37x1j\">\n<div class=\"kvgmc6g5 cxmmr5t8 oygrvhab hcukyx3x c1et5uql\">\n<div dir=\"auto\">Thanks Kjelli! So this is TAV? Do you know what year Kj\u00f8tt were in Poland. It&#8217;s interesting that Norwegian punk bands were one of the first playing in PL.<\/div>\n<div dir=\"auto\">(\u2026)\n<p>&nbsp;<\/p>\n<div class=\"nc684nl6\"><a class=\"oajrlxb2 g5ia77u1 qu0x051f esr5mh6w e9989ue4 r7d6kgcz rq0escxv nhd2j8a9 nc684nl6 p7hjln8o kvgmc6g5 cxmmr5t8 oygrvhab hcukyx3x jb3vyjys rz4wbd8a qt6c0cv9 a8nywdso i1ao9s8h esuyzwwr f1sip0of lzcic4wl gmql0nx0 gpro0wi8\" tabindex=\"0\" role=\"link\" href=\"https:\/\/www.facebook.com\/kjell.a.sandvik?comment_id=Y29tbWVudDoxMDE1ODgxNTQzNjQ3OTUzNF8xMDE1ODgxNTg4ODA1OTUzNA%3D%3D&amp;__cft__[0]=AZWGT8AFsezH9CmbPN91ZRA35rVMDi5gPsqCWURVHiBQeN3FH_tnitxHlUCFHR360m0a7NkV21Eox_hplAGW4ePpOngvV6bwC0_pvPUPb6zk4uReR3MkkN9ccIBi5MVteqk&amp;__tn__=R]-R\"><span class=\"pq6dq46d\"><span class=\"d2edcug0 hpfvmrgz qv66sw1b c1et5uql oi732d6d ik7dh3pa fgxwclzu a8c37x1j keod5gw0 nxhoafnm aigsh9s9 d9wwppkn fe6kdd0r mau55g9w c8b282yb mdeji52x e9vueds3 j5wam9gi lrazzd5p oo9gr5id\" dir=\"auto\"><strong>Kjell Arne Sandvik<\/strong><\/span><\/span><\/a><\/div>\n<div class=\"ecm0bbzt e5nlhep0 a8c37x1j\">\n<div class=\"kvgmc6g5 cxmmr5t8 oygrvhab hcukyx3x c1et5uql\">\n<div dir=\"auto\"><a href=\"https:\/\/kjottbok.blogspot.com\/2012\/02\/jran-jeg-er-kommunist-farvel-til-polen.html\"><strong>This blog<\/strong><\/a> has more about the tour, but its sadly in norwegian\u2026<\/div>\n<div dir=\"auto\">&nbsp;<\/div>\n<\/div>\n<\/div>\n<\/div>\n<\/div>\n<\/div>\n<\/div>\n<\/div>\n<\/div>\n\n\n\n<p>\u2026ale w f-booku <strong><a href=\"https:\/\/www.facebook.com\/mrmakowski\/posts\/10158815436479534\">trwa nadal dyskusja<\/a><\/strong>, kto to mo\u017ce by\u0107; i zdania s\u0105 mocno podzielone. C\u00f3\u017c\u2026<\/p>\n\n\n\n<p>\u2026<\/p>\n\n\n\n<p>(uaktualnienie 2025)<\/p>\n\n\n\n<p>pisz\u0105 mi, \u017ce to polska grupa <strong><a href=\"https:\/\/independentzambrow.blogspot.com\/2011\/02\/index-zespoow-istniejacych-w-okresie.html\" data-type=\"link\" data-id=\"https:\/\/independentzambrow.blogspot.com\/2011\/02\/index-zespoow-istniejacych-w-okresie.html\">Brain Control<\/a><\/strong>, tak ich (i siebie) rozpozna\u0142 ich \u00f3wczesny basista Waldemar Bednarski; dodaje te\u017c, \u017ce grali jako support dla trzech grup z Norwegii: <strong><a href=\"https:\/\/pl.wikipedia.org\/wiki\/De_Press\" data-type=\"link\" data-id=\"https:\/\/pl.wikipedia.org\/wiki\/De_Press\">De Press<\/a><\/strong>, Kjot i <strong><a href=\"https:\/\/no.wikipedia.org\/wiki\/The_Aller_V\u00e6rste!\">The Aller V\u00e6rste!<\/a><\/strong> Oraz \u017ce to koncert z lipca 1981. No i wszystko si\u0119 teraz zgadza.<br \/>mr m.<\/p>\n\n\n\n<figure class=\"wp-block-gallery has-nested-images columns-1 is-cropped wp-block-gallery-1 is-layout-flex wp-block-gallery-is-layout-flex\">\n<figure class=\"wp-block-image size-large\"><a href=\"https:\/\/www.mitologie.eu\/wp-content\/uploads\/2018\/10\/1979-TAV-punki-norweskie-v700-flat-scan-01-low-res.jpg\"><img loading=\"lazy\" decoding=\"async\" width=\"1024\" height=\"169\" data-id=\"1150\" src=\"https:\/\/www.mitologie.eu\/wp-content\/uploads\/2018\/10\/1979-TAV-punki-norweskie-v700-flat-scan-01-low-res-1024x169.jpg\" alt=\"\" class=\"wp-image-1150\" srcset=\"https:\/\/www.mitologie.eu\/wp-content\/uploads\/2018\/10\/1979-TAV-punki-norweskie-v700-flat-scan-01-low-res-1024x169.jpg 1024w, https:\/\/www.mitologie.eu\/wp-content\/uploads\/2018\/10\/1979-TAV-punki-norweskie-v700-flat-scan-01-low-res-300x49.jpg 300w, https:\/\/www.mitologie.eu\/wp-content\/uploads\/2018\/10\/1979-TAV-punki-norweskie-v700-flat-scan-01-low-res-768x126.jpg 768w, https:\/\/www.mitologie.eu\/wp-content\/uploads\/2018\/10\/1979-TAV-punki-norweskie-v700-flat-scan-01-low-res-520x86.jpg 520w, https:\/\/www.mitologie.eu\/wp-content\/uploads\/2018\/10\/1979-TAV-punki-norweskie-v700-flat-scan-01-low-res-740x122.jpg 740w\" sizes=\"auto, (max-width: 1024px) 100vw, 1024px\" \/><\/a><\/figure>\n\n\n\n<figure class=\"wp-block-image size-large\"><a href=\"https:\/\/www.mitologie.eu\/wp-content\/uploads\/2018\/10\/1979-TAV-punki-norweskie-v700-flat-scan-02-konc-lov-res.jpg\"><img loading=\"lazy\" decoding=\"async\" width=\"1024\" height=\"169\" data-id=\"1151\" src=\"https:\/\/www.mitologie.eu\/wp-content\/uploads\/2018\/10\/1979-TAV-punki-norweskie-v700-flat-scan-02-konc-lov-res-1024x169.jpg\" alt=\"\" class=\"wp-image-1151\" srcset=\"https:\/\/www.mitologie.eu\/wp-content\/uploads\/2018\/10\/1979-TAV-punki-norweskie-v700-flat-scan-02-konc-lov-res-1024x169.jpg 1024w, https:\/\/www.mitologie.eu\/wp-content\/uploads\/2018\/10\/1979-TAV-punki-norweskie-v700-flat-scan-02-konc-lov-res-300x49.jpg 300w, https:\/\/www.mitologie.eu\/wp-content\/uploads\/2018\/10\/1979-TAV-punki-norweskie-v700-flat-scan-02-konc-lov-res-768x126.jpg 768w, https:\/\/www.mitologie.eu\/wp-content\/uploads\/2018\/10\/1979-TAV-punki-norweskie-v700-flat-scan-02-konc-lov-res-520x86.jpg 520w, https:\/\/www.mitologie.eu\/wp-content\/uploads\/2018\/10\/1979-TAV-punki-norweskie-v700-flat-scan-02-konc-lov-res-740x122.jpg 740w\" sizes=\"auto, (max-width: 1024px) 100vw, 1024px\" \/><\/a><\/figure>\n\n\n\n<figure class=\"wp-block-image size-large\"><a href=\"https:\/\/www.mitologie.eu\/wp-content\/uploads\/2018\/10\/1979-TAV-punki-norweskie-v700-flat-scan-03-konc-low-res.jpg\"><img loading=\"lazy\" decoding=\"async\" width=\"1024\" height=\"186\" data-id=\"1152\" src=\"https:\/\/www.mitologie.eu\/wp-content\/uploads\/2018\/10\/1979-TAV-punki-norweskie-v700-flat-scan-03-konc-low-res-1024x186.jpg\" alt=\"\" class=\"wp-image-1152\" srcset=\"https:\/\/www.mitologie.eu\/wp-content\/uploads\/2018\/10\/1979-TAV-punki-norweskie-v700-flat-scan-03-konc-low-res-1024x186.jpg 1024w, https:\/\/www.mitologie.eu\/wp-content\/uploads\/2018\/10\/1979-TAV-punki-norweskie-v700-flat-scan-03-konc-low-res-300x54.jpg 300w, https:\/\/www.mitologie.eu\/wp-content\/uploads\/2018\/10\/1979-TAV-punki-norweskie-v700-flat-scan-03-konc-low-res-768x139.jpg 768w, https:\/\/www.mitologie.eu\/wp-content\/uploads\/2018\/10\/1979-TAV-punki-norweskie-v700-flat-scan-03-konc-low-res-520x94.jpg 520w, https:\/\/www.mitologie.eu\/wp-content\/uploads\/2018\/10\/1979-TAV-punki-norweskie-v700-flat-scan-03-konc-low-res-740x134.jpg 740w\" sizes=\"auto, (max-width: 1024px) 100vw, 1024px\" \/><\/a><\/figure>\n<\/figure>\n\n\n\n<p>\u2026<\/p>\n","protected":false},"excerpt":{"rendered":"<p>koncert punkowy w Remoncie (sala Riviery), 1979 (nie: chyba jednak 1981\u2026 \u2013 mr m.); grupa z Norwegii (i jednak nie The Aller V\u00e6rste! \u2013 zob. uaktualnienie ni\u017cej)\u00a0 na autobusie wida\u0107 nazw\u0119 EP \u201eTAV!\u201d) uaktualnienie (f-book, 2020): Kjell Arne Sandvik no this is def not The Aller V\u00e6rste as mentioned. I know they toured Poland togheter<\/p>\n<div class=\"more-link\">\n\t\t\t\t <a href=\"https:\/\/www.mitologie.eu\/?page_id=1149\" class=\"link-btn theme-btn\"><span>Czytaj wi\u0119cej <\/span> <i class=\"fa fa-caret-right\"><\/i><\/a>\n\t\t\t<\/div>\n","protected":false},"author":1,"featured_media":1156,"parent":0,"menu_order":0,"comment_status":"closed","ping_status":"closed","template":"","meta":{"footnotes":""},"class_list":["post-1149","page","type-page","status-publish","has-post-thumbnail","hentry"],"_links":{"self":[{"href":"https:\/\/www.mitologie.eu\/index.php?rest_route=\/wp\/v2\/pages\/1149","targetHints":{"allow":["GET"]}}],"collection":[{"href":"https:\/\/www.mitologie.eu\/index.php?rest_route=\/wp\/v2\/pages"}],"about":[{"href":"https:\/\/www.mitologie.eu\/index.php?rest_route=\/wp\/v2\/types\/page"}],"author":[{"embeddable":true,"href":"https:\/\/www.mitologie.eu\/index.php?rest_route=\/wp\/v2\/users\/1"}],"replies":[{"embeddable":true,"href":"https:\/\/www.mitologie.eu\/index.php?rest_route=%2Fwp%2Fv2%2Fcomments&post=1149"}],"version-history":[{"count":21,"href":"https:\/\/www.mitologie.eu\/index.php?rest_route=\/wp\/v2\/pages\/1149\/revisions"}],"predecessor-version":[{"id":1376,"href":"https:\/\/www.mitologie.eu\/index.php?rest_route=\/wp\/v2\/pages\/1149\/revisions\/1376"}],"wp:featuredmedia":[{"embeddable":true,"href":"https:\/\/www.mitologie.eu\/index.php?rest_route=\/wp\/v2\/media\/1156"}],"wp:attachment":[{"href":"https:\/\/www.mitologie.eu\/index.php?rest_route=%2Fwp%2Fv2%2Fmedia&parent=1149"}],"curies":[{"name":"wp","href":"https:\/\/api.w.org\/{rel}","templated":true}]}}