{"id":801,"date":"2014-09-22T06:18:51","date_gmt":"2014-09-22T06:18:51","guid":{"rendered":"http:\/\/www.mitologie.eu\/?page_id=801"},"modified":"2014-10-14T15:00:34","modified_gmt":"2014-10-14T15:00:34","slug":"%e2%80%a2-1955-mlodziez-sie-bawi-na-festiwalu","status":"publish","type":"page","link":"https:\/\/www.mitologie.eu\/?page_id=801","title":{"rendered":"\u2022 1955: m\u0142odzie\u017c si\u0119 bawi na Festiwalu"},"content":{"rendered":"","protected":true},"excerpt":{"rendered":"","protected":true},"author":1,"featured_media":0,"parent":185,"menu_order":0,"comment_status":"closed","ping_status":"open","template":"","meta":{"footnotes":""},"class_list":["post-801","page","type-page","status-publish","post-password-required","hentry"],"_links":{"self":[{"href":"https:\/\/www.mitologie.eu\/index.php?rest_route=\/wp\/v2\/pages\/801","targetHints":{"allow":["GET"]}}],"collection":[{"href":"https:\/\/www.mitologie.eu\/index.php?rest_route=\/wp\/v2\/pages"}],"about":[{"href":"https:\/\/www.mitologie.eu\/index.php?rest_route=\/wp\/v2\/types\/page"}],"author":[{"embeddable":true,"href":"https:\/\/www.mitologie.eu\/index.php?rest_route=\/wp\/v2\/users\/1"}],"replies":[{"embeddable":true,"href":"https:\/\/www.mitologie.eu\/index.php?rest_route=%2Fwp%2Fv2%2Fcomments&post=801"}],"version-history":[{"count":92,"href":"https:\/\/www.mitologie.eu\/index.php?rest_route=\/wp\/v2\/pages\/801\/revisions"}],"predecessor-version":[{"id":969,"href":"https:\/\/www.mitologie.eu\/index.php?rest_route=\/wp\/v2\/pages\/801\/revisions\/969"}],"up":[{"embeddable":true,"href":"https:\/\/www.mitologie.eu\/index.php?rest_route=\/wp\/v2\/pages\/185"}],"wp:attachment":[{"href":"https:\/\/www.mitologie.eu\/index.php?rest_route=%2Fwp%2Fv2%2Fmedia&parent=801"}],"curies":[{"name":"wp","href":"https:\/\/api.w.org\/{rel}","templated":true}]}}