{"id":858,"date":"2014-09-26T10:58:15","date_gmt":"2014-09-26T10:58:15","guid":{"rendered":"http:\/\/www.mitologie.eu\/?page_id=858"},"modified":"2014-09-29T15:54:19","modified_gmt":"2014-09-29T15:54:19","slug":"1976-2","status":"publish","type":"page","link":"https:\/\/www.mitologie.eu\/?page_id=858","title":{"rendered":"\u2022 1976: Cie\u00adszyn, Festiwal Student\u00f3w Szk\u00f3\u0142 Artystycznych"},"content":{"rendered":"","protected":true},"excerpt":{"rendered":"","protected":true},"author":1,"featured_media":0,"parent":185,"menu_order":0,"comment_status":"closed","ping_status":"open","template":"","meta":{"footnotes":""},"class_list":["post-858","page","type-page","status-publish","post-password-required","hentry"],"_links":{"self":[{"href":"https:\/\/www.mitologie.eu\/index.php?rest_route=\/wp\/v2\/pages\/858","targetHints":{"allow":["GET"]}}],"collection":[{"href":"https:\/\/www.mitologie.eu\/index.php?rest_route=\/wp\/v2\/pages"}],"about":[{"href":"https:\/\/www.mitologie.eu\/index.php?rest_route=\/wp\/v2\/types\/page"}],"author":[{"embeddable":true,"href":"https:\/\/www.mitologie.eu\/index.php?rest_route=\/wp\/v2\/users\/1"}],"replies":[{"embeddable":true,"href":"https:\/\/www.mitologie.eu\/index.php?rest_route=%2Fwp%2Fv2%2Fcomments&post=858"}],"version-history":[{"count":13,"href":"https:\/\/www.mitologie.eu\/index.php?rest_route=\/wp\/v2\/pages\/858\/revisions"}],"predecessor-version":[{"id":1324,"href":"https:\/\/www.mitologie.eu\/index.php?rest_route=\/wp\/v2\/pages\/858\/revisions\/1324"}],"up":[{"embeddable":true,"href":"https:\/\/www.mitologie.eu\/index.php?rest_route=\/wp\/v2\/pages\/185"}],"wp:attachment":[{"href":"https:\/\/www.mitologie.eu\/index.php?rest_route=%2Fwp%2Fv2%2Fmedia&parent=858"}],"curies":[{"name":"wp","href":"https:\/\/api.w.org\/{rel}","templated":true}]}}